{"id":41,"date":"2020-11-22T15:31:43","date_gmt":"2020-11-22T15:31:43","guid":{"rendered":"http:\/\/localhost:8000\/?page_id=41"},"modified":"2021-05-02T13:32:15","modified_gmt":"2021-05-02T13:32:15","slug":"home","status":"publish","type":"page","link":"https:\/\/www.marcsommerphoto.com\/de\/","title":{"rendered":"Acceuil"},"content":{"rendered":"<div data-elementor-type=\"wp-page\" data-elementor-id=\"41\" class=\"elementor elementor-41\" data-elementor-settings=\"[]\">\n\t\t\t\t\t\t<div class=\"elementor-inner\">\n\t\t\t\t\t\t\t<div class=\"elementor-section-wrap\">\n\t\t\t\t\t\t\t<section class=\"elementor-section elementor-top-section elementor-element elementor-element-57c99ff elementor-section-boxed elementor-section-height-default elementor-section-height-default\" data-id=\"57c99ff\" data-element_type=\"section\" data-settings=\"{&quot;background_background&quot;:&quot;classic&quot;}\">\n\t\t\t\t\t\t<div class=\"elementor-container elementor-column-gap-default\">\n\t\t\t\t\t\t\t<div class=\"elementor-row\">\n\t\t\t\t\t<div class=\"elementor-column elementor-col-100 elementor-top-column elementor-element elementor-element-7e062fc\" data-id=\"7e062fc\" data-element_type=\"column\" data-settings=\"{&quot;background_background&quot;:&quot;classic&quot;}\">\n\t\t\t<div class=\"elementor-column-wrap elementor-element-populated\">\n\t\t\t\t\t\t\t<div class=\"elementor-widget-wrap\">\n\t\t\t\t\t\t<div class=\"elementor-element elementor-element-99d2f8d homepage-slider elementor-skin-carousel elementor-widget elementor-widget-media-carousel\" data-id=\"99d2f8d\" data-element_type=\"widget\" data-settings=\"{&quot;slides_per_view&quot;:&quot;1&quot;,&quot;slides_per_view_tablet&quot;:&quot;1&quot;,&quot;slides_per_view_mobile&quot;:&quot;1&quot;,&quot;skin&quot;:&quot;carousel&quot;,&quot;effect&quot;:&quot;slide&quot;,&quot;speed&quot;:500,&quot;autoplay&quot;:&quot;yes&quot;,&quot;autoplay_speed&quot;:5000,&quot;loop&quot;:&quot;yes&quot;,&quot;pause_on_hover&quot;:&quot;yes&quot;,&quot;pause_on_interaction&quot;:&quot;yes&quot;,&quot;space_between&quot;:{&quot;unit&quot;:&quot;px&quot;,&quot;size&quot;:10,&quot;sizes&quot;:[]},&quot;space_between_tablet&quot;:{&quot;unit&quot;:&quot;px&quot;,&quot;size&quot;:10,&quot;sizes&quot;:[]},&quot;space_between_mobile&quot;:{&quot;unit&quot;:&quot;px&quot;,&quot;size&quot;:10,&quot;sizes&quot;:[]}}\" data-widget_type=\"media-carousel.default\">\n\t\t\t\t<div class=\"elementor-widget-container\">\n\t\t\t\t\t<div class=\"elementor-swiper\">\n\t\t\t<div class=\"elementor-main-swiper swiper-container\">\n\t\t\t\t<div class=\"swiper-wrapper\">\n\t\t\t\t\t\t\t\t\t\t\t<div class=\"swiper-slide\">\n\t\t\t\t\t\t\t\t\t<div class=\"elementor-carousel-image\" style=\"background-image: url(https:\/\/www.marcsommerphoto.com\/wp-content\/uploads\/2021\/05\/1-PhotoK-375bis.jpg)\">\n\t\t\t\t\t<\/div>\n\t\t\t\t\t\t\t\t<\/div>\n\t\t\t\t\t\t\t\t\t\t\t<div class=\"swiper-slide\">\n\t\t\t\t\t\t\t\t\t<div class=\"elementor-carousel-image\" style=\"background-image: url(https:\/\/www.marcsommerphoto.com\/wp-content\/uploads\/2021\/05\/2-PhotoG-740bis.jpg)\">\n\t\t\t\t\t<\/div>\n\t\t\t\t\t\t\t\t<\/div>\n\t\t\t\t\t\t\t\t\t\t\t<div class=\"swiper-slide\">\n\t\t\t\t\t\t\t\t\t<div class=\"elementor-carousel-image\" style=\"background-image: url(https:\/\/www.marcsommerphoto.com\/wp-content\/uploads\/2021\/05\/3-PhotoL-132bis.jpg)\">\n\t\t\t\t\t<\/div>\n\t\t\t\t\t\t\t\t<\/div>\n\t\t\t\t\t\t\t\t\t\t\t<div class=\"swiper-slide\">\n\t\t\t\t\t\t\t\t\t<div class=\"elementor-carousel-image\" style=\"background-image: url(https:\/\/www.marcsommerphoto.com\/wp-content\/uploads\/2021\/05\/4-PhotoN-374bis.jpg)\">\n\t\t\t\t\t<\/div>\n\t\t\t\t\t\t\t\t<\/div>\n\t\t\t\t\t\t\t\t\t\t\t<div class=\"swiper-slide\">\n\t\t\t\t\t\t\t\t\t<div class=\"elementor-carousel-image\" style=\"background-image: url(https:\/\/www.marcsommerphoto.com\/wp-content\/uploads\/2021\/05\/5-PhotoL-015bis.jpg)\">\n\t\t\t\t\t<\/div>\n\t\t\t\t\t\t\t\t<\/div>\n\t\t\t\t\t\t\t\t\t\t\t<div class=\"swiper-slide\">\n\t\t\t\t\t\t\t\t\t<div class=\"elementor-carousel-image\" style=\"background-image: url(https:\/\/www.marcsommerphoto.com\/wp-content\/uploads\/2021\/05\/6-PhotoJ-911bis.jpg)\">\n\t\t\t\t\t<\/div>\n\t\t\t\t\t\t\t\t<\/div>\n\t\t\t\t\t\t\t\t\t\t\t<div class=\"swiper-slide\">\n\t\t\t\t\t\t\t\t\t<div class=\"elementor-carousel-image\" style=\"background-image: url(https:\/\/www.marcsommerphoto.com\/wp-content\/uploads\/2021\/05\/7-PhotoJ-826bis.jpg)\">\n\t\t\t\t\t<\/div>\n\t\t\t\t\t\t\t\t<\/div>\n\t\t\t\t\t\t\t\t\t\t\t<div class=\"swiper-slide\">\n\t\t\t\t\t\t\t\t\t<div class=\"elementor-carousel-image\" style=\"background-image: url(https:\/\/www.marcsommerphoto.com\/wp-content\/uploads\/2021\/05\/8-PhotoN-838bis.jpg)\">\n\t\t\t\t\t<\/div>\n\t\t\t\t\t\t\t\t<\/div>\n\t\t\t\t\t\t\t\t\t\t\t<div class=\"swiper-slide\">\n\t\t\t\t\t\t\t\t\t<div class=\"elementor-carousel-image\" style=\"background-image: url(https:\/\/www.marcsommerphoto.com\/wp-content\/uploads\/2021\/05\/9-PhotoH-627bis.jpg)\">\n\t\t\t\t\t<\/div>\n\t\t\t\t\t\t\t\t<\/div>\n\t\t\t\t\t\t\t\t\t\t\t<div class=\"swiper-slide\">\n\t\t\t\t\t\t\t\t\t<div class=\"elementor-carousel-image\" style=\"background-image: url(https:\/\/www.marcsommerphoto.com\/wp-content\/uploads\/2021\/05\/10-PhotoG-573bis.jpg)\">\n\t\t\t\t\t<\/div>\n\t\t\t\t\t\t\t\t<\/div>\n\t\t\t\t\t\t\t\t\t\t\t<div class=\"swiper-slide\">\n\t\t\t\t\t\t\t\t\t<div class=\"elementor-carousel-image\" style=\"background-image: url(https:\/\/www.marcsommerphoto.com\/wp-content\/uploads\/2021\/05\/11-PhotoB-504bis.jpg)\">\n\t\t\t\t\t<\/div>\n\t\t\t\t\t\t\t\t<\/div>\n\t\t\t\t\t\t\t\t\t\t\t<div class=\"swiper-slide\">\n\t\t\t\t\t\t\t\t\t<div class=\"elementor-carousel-image\" style=\"background-image: url(https:\/\/www.marcsommerphoto.com\/wp-content\/uploads\/2021\/05\/12-PhotoK-096bis.jpg)\">\n\t\t\t\t\t<\/div>\n\t\t\t\t\t\t\t\t<\/div>\n\t\t\t\t\t\t\t\t\t\t\t<div class=\"swiper-slide\">\n\t\t\t\t\t\t\t\t\t<div class=\"elementor-carousel-image\" style=\"background-image: url(https:\/\/www.marcsommerphoto.com\/wp-content\/uploads\/2021\/05\/13-PhotoM-864bis.jpg)\">\n\t\t\t\t\t<\/div>\n\t\t\t\t\t\t\t\t<\/div>\n\t\t\t\t\t\t\t\t\t\t\t<div class=\"swiper-slide\">\n\t\t\t\t\t\t\t\t\t<div class=\"elementor-carousel-image\" style=\"background-image: url(https:\/\/www.marcsommerphoto.com\/wp-content\/uploads\/2021\/05\/14-PhotoK-478bis.jpg)\">\n\t\t\t\t\t<\/div>\n\t\t\t\t\t\t\t\t<\/div>\n\t\t\t\t\t\t\t\t\t\t\t<div class=\"swiper-slide\">\n\t\t\t\t\t\t\t\t\t<div class=\"elementor-carousel-image\" style=\"background-image: url(https:\/\/www.marcsommerphoto.com\/wp-content\/uploads\/2021\/05\/15-PhotoM-256bis.jpg)\">\n\t\t\t\t\t<\/div>\n\t\t\t\t\t\t\t\t<\/div>\n\t\t\t\t\t\t\t\t\t\t\t<div class=\"swiper-slide\">\n\t\t\t\t\t\t\t\t\t<div class=\"elementor-carousel-image\" style=\"background-image: url(https:\/\/www.marcsommerphoto.com\/wp-content\/uploads\/2021\/05\/16-PhotoN-710bis.jpg)\">\n\t\t\t\t\t<\/div>\n\t\t\t\t\t\t\t\t<\/div>\n\t\t\t\t\t\t\t\t\t\t\t<div class=\"swiper-slide\">\n\t\t\t\t\t\t\t\t\t<div class=\"elementor-carousel-image\" style=\"background-image: url(https:\/\/www.marcsommerphoto.com\/wp-content\/uploads\/2021\/05\/17-PhotoL-367bisZ.jpg)\">\n\t\t\t\t\t<\/div>\n\t\t\t\t\t\t\t\t<\/div>\n\t\t\t\t\t\t\t\t\t\t\t<div class=\"swiper-slide\">\n\t\t\t\t\t\t\t\t\t<div class=\"elementor-carousel-image\" style=\"background-image: url(https:\/\/www.marcsommerphoto.com\/wp-content\/uploads\/2021\/05\/18-PhotoM-122bis.jpg)\">\n\t\t\t\t\t<\/div>\n\t\t\t\t\t\t\t\t<\/div>\n\t\t\t\t\t\t\t\t\t\t\t<div class=\"swiper-slide\">\n\t\t\t\t\t\t\t\t\t<div class=\"elementor-carousel-image\" style=\"background-image: url(https:\/\/www.marcsommerphoto.com\/wp-content\/uploads\/2021\/05\/19-PhotoF-094bis.jpg)\">\n\t\t\t\t\t<\/div>\n\t\t\t\t\t\t\t\t<\/div>\n\t\t\t\t\t\t\t\t\t\t\t<div class=\"swiper-slide\">\n\t\t\t\t\t\t\t\t\t<div class=\"elementor-carousel-image\" style=\"background-image: url(https:\/\/www.marcsommerphoto.com\/wp-content\/uploads\/2021\/05\/20-PhotoJ-041bis.jpg)\">\n\t\t\t\t\t<\/div>\n\t\t\t\t\t\t\t\t<\/div>\n\t\t\t\t\t\t\t\t\t\t\t<div class=\"swiper-slide\">\n\t\t\t\t\t\t\t\t\t<div class=\"elementor-carousel-image\" style=\"background-image: url(https:\/\/www.marcsommerphoto.com\/wp-content\/uploads\/2021\/05\/21-PhotoI-941bis.jpg)\">\n\t\t\t\t\t<\/div>\n\t\t\t\t\t\t\t\t<\/div>\n\t\t\t\t\t\t\t\t\t\t\t<div class=\"swiper-slide\">\n\t\t\t\t\t\t\t\t\t<div class=\"elementor-carousel-image\" style=\"background-image: url(https:\/\/www.marcsommerphoto.com\/wp-content\/uploads\/2021\/05\/22-PhotoL-029bis.jpg)\">\n\t\t\t\t\t<\/div>\n\t\t\t\t\t\t\t\t<\/div>\n\t\t\t\t\t\t\t\t\t\t\t<div class=\"swiper-slide\">\n\t\t\t\t\t\t\t\t\t<div class=\"elementor-carousel-image\" style=\"background-image: url(https:\/\/www.marcsommerphoto.com\/wp-content\/uploads\/2021\/05\/23-PhotoI-764bis.jpg)\">\n\t\t\t\t\t<\/div>\n\t\t\t\t\t\t\t\t<\/div>\n\t\t\t\t\t\t\t\t\t\t\t<div class=\"swiper-slide\">\n\t\t\t\t\t\t\t\t\t<div class=\"elementor-carousel-image\" style=\"background-image: url(https:\/\/www.marcsommerphoto.com\/wp-content\/uploads\/2021\/05\/24-PhotoK-796bis.jpg)\">\n\t\t\t\t\t<\/div>\n\t\t\t\t\t\t\t\t<\/div>\n\t\t\t\t\t\t\t\t\t\t\t<div class=\"swiper-slide\">\n\t\t\t\t\t\t\t\t\t<div class=\"elementor-carousel-image\" style=\"background-image: url(https:\/\/www.marcsommerphoto.com\/wp-content\/uploads\/2021\/05\/25-PhotoD-379bis.jpg)\">\n\t\t\t\t\t<\/div>\n\t\t\t\t\t\t\t\t<\/div>\n\t\t\t\t\t\t\t\t\t\t\t<div class=\"swiper-slide\">\n\t\t\t\t\t\t\t\t\t<div class=\"elementor-carousel-image\" style=\"background-image: url(https:\/\/www.marcsommerphoto.com\/wp-content\/uploads\/2021\/05\/26-PhotoB-967bis.jpg)\">\n\t\t\t\t\t<\/div>\n\t\t\t\t\t\t\t\t<\/div>\n\t\t\t\t\t\t\t\t\t\t\t<div class=\"swiper-slide\">\n\t\t\t\t\t\t\t\t\t<div class=\"elementor-carousel-image\" style=\"background-image: url(https:\/\/www.marcsommerphoto.com\/wp-content\/uploads\/2021\/05\/27-PhotoF-728bis.jpg)\">\n\t\t\t\t\t<\/div>\n\t\t\t\t\t\t\t\t<\/div>\n\t\t\t\t\t\t\t\t\t\t\t<div class=\"swiper-slide\">\n\t\t\t\t\t\t\t\t\t<div class=\"elementor-carousel-image\" style=\"background-image: url(https:\/\/www.marcsommerphoto.com\/wp-content\/uploads\/2021\/05\/28-PhotoC-658bis.jpg)\">\n\t\t\t\t\t<\/div>\n\t\t\t\t\t\t\t\t<\/div>\n\t\t\t\t\t\t\t\t\t\t\t<div class=\"swiper-slide\">\n\t\t\t\t\t\t\t\t\t<div class=\"elementor-carousel-image\" style=\"background-image: url(https:\/\/www.marcsommerphoto.com\/wp-content\/uploads\/2021\/05\/29-PhotoK-742biss.jpg)\">\n\t\t\t\t\t<\/div>\n\t\t\t\t\t\t\t\t<\/div>\n\t\t\t\t\t\t\t\t\t<\/div>\n\t\t\t\t\t\t\t\t\t\t\t\t\t\t\t\t\t\t\t\t\t<\/div>\n\t\t<\/div>\n\t\t\t\t<\/div>\n\t\t\t\t<\/div>\n\t\t\t\t<div class=\"elementor-element elementor-element-f1a08e9 elementor-widget__width-initial elementor-fixed elementor-hidden-tablet elementor-hidden-phone elementor-widget elementor-widget-text-editor\" data-id=\"f1a08e9\" data-element_type=\"widget\" data-settings=\"{&quot;_position&quot;:&quot;fixed&quot;}\" data-widget_type=\"text-editor.default\">\n\t\t\t\t<div class=\"elementor-widget-container\">\n\t\t\t\t\t<div class=\"elementor-text-editor elementor-clearfix\"><div><div>Der franz\u00f6sische Fotograf Marc Sommer bietet uns unwahrscheinliche Bilder, verzerrte Spiegel unserer Existenz.<\/div><div>\u00a0<\/div><div>Er wendet sich entschieden von der Computer-Fotomontage ab und schafft es durch geduldig ausgekl\u00fcgelte mechanische Tricks, seinen Fotos eine charakteristische surrealistische Atmosph\u00e4re zu verleihen.<\/div><div>\u00a0<\/div><div>F\u00fcr ihn ist die Fotografie eine Familienangelegenheit. Mit seinem Vater Richard, einem erfahrenen Handwerker, kreiert er Maschinen und Inszenierungen -mithilfe vieler els\u00e4ssischer Schimpfw\u00f6rter. Er verl\u00e4sst sich auch auf seinen Sohn Froment, den er zu seinem Lieblingsmodell macht.<\/div><div>\u00a0<\/div><div>Marc Sommer wird durch die Galerie Esther Woerdehoff Paris vertreten.<\/div><\/div><\/div>\n\t\t\t\t<\/div>\n\t\t\t\t<\/div>\n\t\t\t\t\t\t<\/div>\n\t\t\t\t\t<\/div>\n\t\t<\/div>\n\t\t\t\t\t\t\t\t<\/div>\n\t\t\t\t\t<\/div>\n\t\t<\/section>\n\t\t\t\t\t\t<\/div>\n\t\t\t\t\t\t<\/div>\n\t\t\t\t\t<\/div>","protected":false},"excerpt":{"rendered":"<p>Le photographe fran\u00e7ais Marc Sommer nous offre des images improbables, miroirs d\u00e9form\u00e9s de notre existence.\u00a0Tournant r\u00e9solument le dos \u00e0 la manipulation d&rsquo;images par ordinateur, c\u2019est au moyen de trucages m\u00e9caniques patiemment \u00e9labor\u00e9s qu\u2019il parvient \u00e0 donner \u00e0 ses photos l\u2019atmosph\u00e8re surr\u00e9aliste qui les caract\u00e9rise.\u00a0Pour lui, la photographie est une affaire de famille. C\u2019est avec son [&hellip;]<\/p>","protected":false},"author":1,"featured_media":0,"parent":0,"menu_order":0,"comment_status":"closed","ping_status":"closed","template":"","meta":[],"yoast_head":"<!-- This site is optimized with the Yoast SEO plugin v16.1.1 - https:\/\/yoast.com\/wordpress\/plugins\/seo\/ -->\n<title>Acceuil - marcsommerphoto<\/title>\n<meta name=\"robots\" content=\"index, follow, max-snippet:-1, max-image-preview:large, max-video-preview:-1\" \/>\n<link rel=\"canonical\" href=\"https:\/\/www.marcsommerphoto.com\/de\/\" \/>\n<meta property=\"og:locale\" content=\"de_DE\" \/>\n<meta property=\"og:type\" content=\"article\" \/>\n<meta property=\"og:title\" content=\"Acceuil - marcsommerphoto\" \/>\n<meta property=\"og:description\" content=\"Le photographe fran\u00e7ais Marc Sommer nous offre des images improbables, miroirs d\u00e9form\u00e9s de notre existence.\u00a0Tournant r\u00e9solument le dos \u00e0 la manipulation d&rsquo;images par ordinateur, c\u2019est au moyen de trucages m\u00e9caniques patiemment \u00e9labor\u00e9s qu\u2019il parvient \u00e0 donner \u00e0 ses photos l\u2019atmosph\u00e8re surr\u00e9aliste qui les caract\u00e9rise.\u00a0Pour lui, la photographie est une affaire de famille. C\u2019est avec son [&hellip;]\" \/>\n<meta property=\"og:url\" content=\"https:\/\/www.marcsommerphoto.com\/de\/\" \/>\n<meta property=\"og:site_name\" content=\"marcsommerphoto\" \/>\n<meta property=\"article:modified_time\" content=\"2021-05-02T13:32:15+00:00\" \/>\n<meta name=\"twitter:card\" content=\"summary_large_image\" \/>\n<meta name=\"twitter:label1\" content=\"Gesch\u00e4tzte Lesezeit\">\n\t<meta name=\"twitter:data1\" content=\"1 minute\">\n<script type=\"application\/ld+json\" class=\"yoast-schema-graph\">{\"@context\":\"https:\/\/schema.org\",\"@graph\":[{\"@type\":\"WebSite\",\"@id\":\"https:\/\/www.marcsommerphoto.com\/#website\",\"url\":\"https:\/\/www.marcsommerphoto.com\/\",\"name\":\"marcsommerphoto\",\"description\":\"\",\"potentialAction\":[{\"@type\":\"SearchAction\",\"target\":\"https:\/\/www.marcsommerphoto.com\/?s={search_term_string}\",\"query-input\":\"required name=search_term_string\"}],\"inLanguage\":\"de-DE-formal\"},{\"@type\":\"WebPage\",\"@id\":\"https:\/\/www.marcsommerphoto.com\/#webpage\",\"url\":\"https:\/\/www.marcsommerphoto.com\/\",\"name\":\"Acceuil - marcsommerphoto\",\"isPartOf\":{\"@id\":\"https:\/\/www.marcsommerphoto.com\/#website\"},\"datePublished\":\"2020-11-22T15:31:43+00:00\",\"dateModified\":\"2021-05-02T13:32:15+00:00\",\"breadcrumb\":{\"@id\":\"https:\/\/www.marcsommerphoto.com\/#breadcrumb\"},\"inLanguage\":\"de-DE-formal\",\"potentialAction\":[{\"@type\":\"ReadAction\",\"target\":[\"https:\/\/www.marcsommerphoto.com\/\"]}]},{\"@type\":\"BreadcrumbList\",\"@id\":\"https:\/\/www.marcsommerphoto.com\/#breadcrumb\",\"itemListElement\":[{\"@type\":\"ListItem\",\"position\":1,\"item\":{\"@type\":\"WebPage\",\"@id\":\"https:\/\/www.marcsommerphoto.com\/\",\"url\":\"https:\/\/www.marcsommerphoto.com\/\",\"name\":\"Home\"}},{\"@type\":\"ListItem\",\"position\":2,\"item\":{\"@type\":\"WebPage\",\"@id\":\"https:\/\/www.marcsommerphoto.com\/\",\"url\":\"https:\/\/www.marcsommerphoto.com\/\",\"name\":\"Acceuil\"}}]}]}<\/script>\n<!-- \/ Yoast SEO plugin. -->","_links":{"self":[{"href":"https:\/\/www.marcsommerphoto.com\/de\/wp-json\/wp\/v2\/pages\/41"}],"collection":[{"href":"https:\/\/www.marcsommerphoto.com\/de\/wp-json\/wp\/v2\/pages"}],"about":[{"href":"https:\/\/www.marcsommerphoto.com\/de\/wp-json\/wp\/v2\/types\/page"}],"author":[{"embeddable":true,"href":"https:\/\/www.marcsommerphoto.com\/de\/wp-json\/wp\/v2\/users\/1"}],"replies":[{"embeddable":true,"href":"https:\/\/www.marcsommerphoto.com\/de\/wp-json\/wp\/v2\/comments?post=41"}],"version-history":[{"count":370,"href":"https:\/\/www.marcsommerphoto.com\/de\/wp-json\/wp\/v2\/pages\/41\/revisions"}],"predecessor-version":[{"id":3717,"href":"https:\/\/www.marcsommerphoto.com\/de\/wp-json\/wp\/v2\/pages\/41\/revisions\/3717"}],"wp:attachment":[{"href":"https:\/\/www.marcsommerphoto.com\/de\/wp-json\/wp\/v2\/media?parent=41"}],"curies":[{"name":"wp","href":"https:\/\/api.w.org\/{rel}","templated":true}]}}