{"id":21,"date":"2020-11-22T15:12:32","date_gmt":"2020-11-22T15:12:32","guid":{"rendered":"http:\/\/localhost:8000\/?page_id=21"},"modified":"2021-05-11T13:53:26","modified_gmt":"2021-05-11T13:53:26","slug":"information","status":"publish","type":"page","link":"https:\/\/www.marcsommerphoto.com\/de\/information\/","title":{"rendered":"Aufkl\u00e4rung"},"content":{"rendered":"<div data-elementor-type=\"wp-page\" data-elementor-id=\"21\" class=\"elementor elementor-21\" data-elementor-settings=\"[]\">\n\t\t\t\t\t\t<div class=\"elementor-inner\">\n\t\t\t\t\t\t\t<div class=\"elementor-section-wrap\">\n\t\t\t\t\t\t\t<section class=\"elementor-section elementor-top-section elementor-element elementor-element-6dc6a30 elementor-section-boxed elementor-section-height-default elementor-section-height-default\" data-id=\"6dc6a30\" data-element_type=\"section\">\n\t\t\t\t\t\t<div class=\"elementor-container elementor-column-gap-default\">\n\t\t\t\t\t\t\t<div class=\"elementor-row\">\n\t\t\t\t\t<div class=\"elementor-column elementor-col-100 elementor-top-column elementor-element elementor-element-3292ae7\" data-id=\"3292ae7\" data-element_type=\"column\">\n\t\t\t<div class=\"elementor-column-wrap elementor-element-populated\">\n\t\t\t\t\t\t\t<div class=\"elementor-widget-wrap\">\n\t\t\t\t\t\t<div class=\"elementor-element elementor-element-10ac64e elementor-widget elementor-widget-spacer\" data-id=\"10ac64e\" data-element_type=\"widget\" data-widget_type=\"spacer.default\">\n\t\t\t\t<div class=\"elementor-widget-container\">\n\t\t\t\t\t<div class=\"elementor-spacer\">\n\t\t\t<div class=\"elementor-spacer-inner\"><\/div>\n\t\t<\/div>\n\t\t\t\t<\/div>\n\t\t\t\t<\/div>\n\t\t\t\t<div class=\"elementor-element elementor-element-4684bd9 elementor-widget elementor-widget-heading\" data-id=\"4684bd9\" data-element_type=\"widget\" data-widget_type=\"heading.default\">\n\t\t\t\t<div class=\"elementor-widget-container\">\n\t\t\t<h1 class=\"elementor-heading-title elementor-size-default\">Biografie<\/h1>\t\t<\/div>\n\t\t\t\t<\/div>\n\t\t\t\t<div class=\"elementor-element elementor-element-4984a98 elementor-widget elementor-widget-text-editor\" data-id=\"4984a98\" data-element_type=\"widget\" data-widget_type=\"text-editor.default\">\n\t\t\t\t<div class=\"elementor-widget-container\">\n\t\t\t\t\t<div class=\"elementor-text-editor elementor-clearfix\"><p>Der Autodidakt Marc Sommer begann seine fotografische Arbeit im Jahr 2007.<\/p><p>Er wendet sich entschieden von der Computer-Fotomontage ab und schafft es durch geduldig ausgekl\u00fcgelte mechanische Tricks, seinen Fotos eine charakteristische surrealistische Atmosph\u00e4re zu verleihen.<\/p><\/div>\n\t\t\t\t<\/div>\n\t\t\t\t<\/div>\n\t\t\t\t\t\t<\/div>\n\t\t\t\t\t<\/div>\n\t\t<\/div>\n\t\t\t\t\t\t\t\t<\/div>\n\t\t\t\t\t<\/div>\n\t\t<\/section>\n\t\t\t\t<section class=\"elementor-section elementor-top-section elementor-element elementor-element-cd6818a elementor-section-boxed elementor-section-height-default elementor-section-height-default\" data-id=\"cd6818a\" data-element_type=\"section\">\n\t\t\t\t\t\t<div class=\"elementor-container elementor-column-gap-default\">\n\t\t\t\t\t\t\t<div class=\"elementor-row\">\n\t\t\t\t\t<div class=\"elementor-column elementor-col-100 elementor-top-column elementor-element elementor-element-5b70d5a\" data-id=\"5b70d5a\" data-element_type=\"column\">\n\t\t\t<div class=\"elementor-column-wrap elementor-element-populated\">\n\t\t\t\t\t\t\t<div class=\"elementor-widget-wrap\">\n\t\t\t\t\t\t<div class=\"elementor-element elementor-element-6b9cd0f elementor-widget elementor-widget-image\" data-id=\"6b9cd0f\" data-element_type=\"widget\" data-widget_type=\"image.default\">\n\t\t\t\t<div class=\"elementor-widget-container\">\n\t\t\t\t\t<div class=\"elementor-image\">\n\t\t\t\t\t\t\t\t\t\t<img width=\"800\" height=\"459\" src=\"https:\/\/www.marcsommerphoto.com\/wp-content\/uploads\/2021\/05\/informations-2.jpg\" class=\"attachment-full size-full\" alt=\"\" srcset=\"https:\/\/www.marcsommerphoto.com\/wp-content\/uploads\/2021\/05\/informations-2.jpg 800w, https:\/\/www.marcsommerphoto.com\/wp-content\/uploads\/2021\/05\/informations-2-300x172.jpg 300w, https:\/\/www.marcsommerphoto.com\/wp-content\/uploads\/2021\/05\/informations-2-768x441.jpg 768w, https:\/\/www.marcsommerphoto.com\/wp-content\/uploads\/2021\/05\/informations-2-16x9.jpg 16w\" sizes=\"(max-width: 800px) 100vw, 800px\" \/>\t\t\t\t\t\t\t\t\t\t\t<\/div>\n\t\t\t\t<\/div>\n\t\t\t\t<\/div>\n\t\t\t\t\t\t<\/div>\n\t\t\t\t\t<\/div>\n\t\t<\/div>\n\t\t\t\t\t\t\t\t<\/div>\n\t\t\t\t\t<\/div>\n\t\t<\/section>\n\t\t\t\t<section class=\"elementor-section elementor-top-section elementor-element elementor-element-8d66439 elementor-section-boxed elementor-section-height-default elementor-section-height-default\" data-id=\"8d66439\" data-element_type=\"section\">\n\t\t\t\t\t\t<div class=\"elementor-container elementor-column-gap-default\">\n\t\t\t\t\t\t\t<div class=\"elementor-row\">\n\t\t\t\t\t<div class=\"elementor-column elementor-col-100 elementor-top-column elementor-element elementor-element-acde3aa\" data-id=\"acde3aa\" data-element_type=\"column\">\n\t\t\t<div class=\"elementor-column-wrap elementor-element-populated\">\n\t\t\t\t\t\t\t<div class=\"elementor-widget-wrap\">\n\t\t\t\t\t\t<div class=\"elementor-element elementor-element-696d5ec elementor-widget elementor-widget-text-editor\" data-id=\"696d5ec\" data-element_type=\"widget\" data-widget_type=\"text-editor.default\">\n\t\t\t\t<div class=\"elementor-widget-container\">\n\t\t\t\t\t<div class=\"elementor-text-editor elementor-clearfix\"><p>Fotografie ist f\u00fcr ihn eine Familienangelegenheit. Mit seinem Vater Richard, sichtbar unten auf der Leiter, kreiert er Maschinen und Inszenierungen, mithilfe vieler els\u00e4ssischer Schimpfw\u00f6rter. Er verl\u00e4sst sich auch auf seinen Sohn Froment, den er zu seinem Lieblingsmodell macht.<\/p><\/div>\n\t\t\t\t<\/div>\n\t\t\t\t<\/div>\n\t\t\t\t<div class=\"elementor-element elementor-element-7122715 elementor-widget elementor-widget-spacer\" data-id=\"7122715\" data-element_type=\"widget\" data-widget_type=\"spacer.default\">\n\t\t\t\t<div class=\"elementor-widget-container\">\n\t\t\t\t\t<div class=\"elementor-spacer\">\n\t\t\t<div class=\"elementor-spacer-inner\"><\/div>\n\t\t<\/div>\n\t\t\t\t<\/div>\n\t\t\t\t<\/div>\n\t\t\t\t\t\t<\/div>\n\t\t\t\t\t<\/div>\n\t\t<\/div>\n\t\t\t\t\t\t\t\t<\/div>\n\t\t\t\t\t<\/div>\n\t\t<\/section>\n\t\t\t\t<section class=\"elementor-section elementor-top-section elementor-element elementor-element-0c99bb7 elementor-section-boxed elementor-section-height-default elementor-section-height-default\" data-id=\"0c99bb7\" data-element_type=\"section\">\n\t\t\t\t\t\t<div class=\"elementor-container elementor-column-gap-default\">\n\t\t\t\t\t\t\t<div class=\"elementor-row\">\n\t\t\t\t\t<div class=\"elementor-column elementor-col-100 elementor-top-column elementor-element elementor-element-3e4284d\" data-id=\"3e4284d\" data-element_type=\"column\">\n\t\t\t<div class=\"elementor-column-wrap elementor-element-populated\">\n\t\t\t\t\t\t\t<div class=\"elementor-widget-wrap\">\n\t\t\t\t\t\t<div class=\"elementor-element elementor-element-f37b160 elementor-widget elementor-widget-image\" data-id=\"f37b160\" data-element_type=\"widget\" data-widget_type=\"image.default\">\n\t\t\t\t<div class=\"elementor-widget-container\">\n\t\t\t\t\t<div class=\"elementor-image\">\n\t\t\t\t\t\t\t\t\t\t<img width=\"800\" height=\"533\" src=\"https:\/\/www.marcsommerphoto.com\/wp-content\/uploads\/2021\/05\/PhotoF-089.jpg\" class=\"attachment-full size-full\" alt=\"\" srcset=\"https:\/\/www.marcsommerphoto.com\/wp-content\/uploads\/2021\/05\/PhotoF-089.jpg 800w, https:\/\/www.marcsommerphoto.com\/wp-content\/uploads\/2021\/05\/PhotoF-089-300x200.jpg 300w, https:\/\/www.marcsommerphoto.com\/wp-content\/uploads\/2021\/05\/PhotoF-089-768x512.jpg 768w, https:\/\/www.marcsommerphoto.com\/wp-content\/uploads\/2021\/05\/PhotoF-089-16x12.jpg 16w\" sizes=\"(max-width: 800px) 100vw, 800px\" \/>\t\t\t\t\t\t\t\t\t\t\t<\/div>\n\t\t\t\t<\/div>\n\t\t\t\t<\/div>\n\t\t\t\t\t\t<\/div>\n\t\t\t\t\t<\/div>\n\t\t<\/div>\n\t\t\t\t\t\t\t\t<\/div>\n\t\t\t\t\t<\/div>\n\t\t<\/section>\n\t\t\t\t<section class=\"elementor-section elementor-top-section elementor-element elementor-element-8e9dde5 elementor-section-boxed elementor-section-height-default elementor-section-height-default\" data-id=\"8e9dde5\" data-element_type=\"section\">\n\t\t\t\t\t\t<div class=\"elementor-container elementor-column-gap-default\">\n\t\t\t\t\t\t\t<div class=\"elementor-row\">\n\t\t\t\t\t<div class=\"elementor-column elementor-col-100 elementor-top-column elementor-element elementor-element-57f1a07\" data-id=\"57f1a07\" data-element_type=\"column\">\n\t\t\t<div class=\"elementor-column-wrap elementor-element-populated\">\n\t\t\t\t\t\t\t<div class=\"elementor-widget-wrap\">\n\t\t\t\t\t\t<div class=\"elementor-element elementor-element-d84e277 elementor-widget elementor-widget-text-editor\" data-id=\"d84e277\" data-element_type=\"widget\" data-widget_type=\"text-editor.default\">\n\t\t\t\t<div class=\"elementor-widget-container\">\n\t\t\t\t\t<div class=\"elementor-text-editor elementor-clearfix\"><p><\/p><p>Jahrelang entwickelt er, ohne es jemals zu zeigen, ein vom Absurden gepr\u00e4gtes Werk, sowohl leicht als auch ernst.<\/p><p>Es war der Fotograf Laurence Demaison, der ihn 2015 ermutigte, seine Arbeiten auszustellen.<\/p><p>Marc Sommer wird in Frankreich durch die Galerie Esther Woerdehoff Paris vertreten.<\/p><p><\/p><\/div>\n\t\t\t\t<\/div>\n\t\t\t\t<\/div>\n\t\t\t\t\t\t<\/div>\n\t\t\t\t\t<\/div>\n\t\t<\/div>\n\t\t\t\t\t\t\t\t<\/div>\n\t\t\t\t\t<\/div>\n\t\t<\/section>\n\t\t\t\t<section class=\"elementor-section elementor-top-section elementor-element elementor-element-c3c2aa4 elementor-section-boxed elementor-section-height-default elementor-section-height-default\" data-id=\"c3c2aa4\" data-element_type=\"section\">\n\t\t\t\t\t\t<div class=\"elementor-container elementor-column-gap-default\">\n\t\t\t\t\t\t\t<div class=\"elementor-row\">\n\t\t\t\t\t<div class=\"elementor-column elementor-col-100 elementor-top-column elementor-element elementor-element-b594c3d\" data-id=\"b594c3d\" data-element_type=\"column\">\n\t\t\t<div class=\"elementor-column-wrap elementor-element-populated\">\n\t\t\t\t\t\t\t<div class=\"elementor-widget-wrap\">\n\t\t\t\t\t\t<div class=\"elementor-element elementor-element-50148fb elementor-widget elementor-widget-spacer\" data-id=\"50148fb\" data-element_type=\"widget\" data-widget_type=\"spacer.default\">\n\t\t\t\t<div class=\"elementor-widget-container\">\n\t\t\t\t\t<div class=\"elementor-spacer\">\n\t\t\t<div class=\"elementor-spacer-inner\"><\/div>\n\t\t<\/div>\n\t\t\t\t<\/div>\n\t\t\t\t<\/div>\n\t\t\t\t<div class=\"elementor-element elementor-element-0e96da5 elementor-widget elementor-widget-heading\" data-id=\"0e96da5\" data-element_type=\"widget\" data-widget_type=\"heading.default\">\n\t\t\t\t<div class=\"elementor-widget-container\">\n\t\t\t<h1 class=\"elementor-heading-title elementor-size-default\">Peines perdues<\/h1>\t\t<\/div>\n\t\t\t\t<\/div>\n\t\t\t\t<div class=\"elementor-element elementor-element-06c6601 elementor-widget elementor-widget-text-editor\" data-id=\"06c6601\" data-element_type=\"widget\" data-widget_type=\"text-editor.default\">\n\t\t\t\t<div class=\"elementor-widget-container\">\n\t\t\t\t\t<div class=\"elementor-text-editor elementor-clearfix\"><p><em>Nur mit seiner Vorstellungskraft bewaffnet und ohne jemals den M\u00f6glichkeiten der digitalen Collage wie Photoshop nachzugeben, bietet uns Marc Sommer einzigartige, unwahrscheinliche Fotos. Mit einer starken Symbolik dotiert, bilden sie bitters\u00fcsse Parabeln.<\/em><\/p><p><em>In einem pers\u00f6nlichen Tonfall schildert dieser Fotograf das menschliche Dasein, ohne R\u00fccksicht, aber nicht ohne Z\u00e4rtlichkeit. Denn es ist in der Tat die Empathie, die seinen k\u00fcnstlerischen Ausdruck n\u00e4hrt. Und wenn seine Bilder Verzweiflung evozieren, dann einzig und allein zu dem Zweck, davon unvermutete Poesie hervorzubringen.<\/em><\/p><p><em>Vielf\u00e4ltig aber koh\u00e4rent, bildet sein Werk einen Essay \u00fcber die Schwierigkeit des Seins, wobei die Betonung des Humors an Nieztsche erinnert: \u00ab Falsch heisse uns jede Wahrheit, bei der es nicht ein Gel\u00e4chter gab! \u00bb<\/em><\/p><p><em>Narcisse M.<\/em><\/p><\/div>\n\t\t\t\t<\/div>\n\t\t\t\t<\/div>\n\t\t\t\t\t\t<\/div>\n\t\t\t\t\t<\/div>\n\t\t<\/div>\n\t\t\t\t\t\t\t\t<\/div>\n\t\t\t\t\t<\/div>\n\t\t<\/section>\n\t\t\t\t<section class=\"elementor-section elementor-top-section elementor-element elementor-element-8e9c702 elementor-section-boxed elementor-section-height-default elementor-section-height-default\" data-id=\"8e9c702\" data-element_type=\"section\">\n\t\t\t\t\t\t<div class=\"elementor-container elementor-column-gap-default\">\n\t\t\t\t\t\t\t<div class=\"elementor-row\">\n\t\t\t\t\t<div class=\"elementor-column elementor-col-100 elementor-top-column elementor-element elementor-element-72c2618\" data-id=\"72c2618\" data-element_type=\"column\">\n\t\t\t<div class=\"elementor-column-wrap elementor-element-populated\">\n\t\t\t\t\t\t\t<div class=\"elementor-widget-wrap\">\n\t\t\t\t\t\t<div class=\"elementor-element elementor-element-cc7f98d elementor-widget elementor-widget-spacer\" data-id=\"cc7f98d\" data-element_type=\"widget\" data-widget_type=\"spacer.default\">\n\t\t\t\t<div class=\"elementor-widget-container\">\n\t\t\t\t\t<div class=\"elementor-spacer\">\n\t\t\t<div class=\"elementor-spacer-inner\"><\/div>\n\t\t<\/div>\n\t\t\t\t<\/div>\n\t\t\t\t<\/div>\n\t\t\t\t<div class=\"elementor-element elementor-element-4c63194 elementor-widget elementor-widget-heading\" data-id=\"4c63194\" data-element_type=\"widget\" data-widget_type=\"heading.default\">\n\t\t\t\t<div class=\"elementor-widget-container\">\n\t\t\t<h1 class=\"elementor-heading-title elementor-size-default\">Archiv<\/h1>\t\t<\/div>\n\t\t\t\t<\/div>\n\t\t\t\t<div class=\"elementor-element elementor-element-94852fe elementor-widget elementor-widget-spacer\" data-id=\"94852fe\" data-element_type=\"widget\" data-widget_type=\"spacer.default\">\n\t\t\t\t<div class=\"elementor-widget-container\">\n\t\t\t\t\t<div class=\"elementor-spacer\">\n\t\t\t<div class=\"elementor-spacer-inner\"><\/div>\n\t\t<\/div>\n\t\t\t\t<\/div>\n\t\t\t\t<\/div>\n\t\t\t\t<div class=\"elementor-element elementor-element-877bbeb elementor-widget elementor-widget-image\" data-id=\"877bbeb\" data-element_type=\"widget\" data-widget_type=\"image.default\">\n\t\t\t\t<div class=\"elementor-widget-container\">\n\t\t\t\t\t<div class=\"elementor-image\">\n\t\t\t\t\t\t\t<figure class=\"wp-caption\">\n\t\t\t\t\t\t\t\t\t\t<img width=\"600\" height=\"400\" src=\"https:\/\/www.marcsommerphoto.com\/wp-content\/uploads\/2021\/05\/PhotoN-651.jpg\" class=\"attachment-full size-full\" alt=\"\" srcset=\"https:\/\/www.marcsommerphoto.com\/wp-content\/uploads\/2021\/05\/PhotoN-651.jpg 600w, https:\/\/www.marcsommerphoto.com\/wp-content\/uploads\/2021\/05\/PhotoN-651-300x200.jpg 300w, https:\/\/www.marcsommerphoto.com\/wp-content\/uploads\/2021\/05\/PhotoN-651-16x12.jpg 16w\" sizes=\"(max-width: 600px) 100vw, 600px\" \/>\t\t\t\t\t\t\t\t\t\t\t<figcaption class=\"widget-image-caption wp-caption-text\">Der Computer, den Marc f\u00fcr seine Fotoarbeiten verwendet<\/figcaption>\n\t\t\t\t\t\t\t\t\t\t<\/figure>\n\t\t\t\t\t<\/div>\n\t\t\t\t<\/div>\n\t\t\t\t<\/div>\n\t\t\t\t<div class=\"elementor-element elementor-element-4c2f387 elementor-widget elementor-widget-spacer\" data-id=\"4c2f387\" data-element_type=\"widget\" data-widget_type=\"spacer.default\">\n\t\t\t\t<div class=\"elementor-widget-container\">\n\t\t\t\t\t<div class=\"elementor-spacer\">\n\t\t\t<div class=\"elementor-spacer-inner\"><\/div>\n\t\t<\/div>\n\t\t\t\t<\/div>\n\t\t\t\t<\/div>\n\t\t\t\t<div class=\"elementor-element elementor-element-526eab0 elementor-widget elementor-widget-image\" data-id=\"526eab0\" data-element_type=\"widget\" data-widget_type=\"image.default\">\n\t\t\t\t<div class=\"elementor-widget-container\">\n\t\t\t\t\t<div class=\"elementor-image\">\n\t\t\t\t\t\t\t\t\t\t<img width=\"592\" height=\"4234\" src=\"https:\/\/www.marcsommerphoto.com\/wp-content\/uploads\/2021\/02\/on-that-day-5.png\" class=\"attachment-full size-full\" alt=\"\" srcset=\"https:\/\/www.marcsommerphoto.com\/wp-content\/uploads\/2021\/02\/on-that-day-5.png 592w, https:\/\/www.marcsommerphoto.com\/wp-content\/uploads\/2021\/02\/on-that-day-5-42x300.png 42w, https:\/\/www.marcsommerphoto.com\/wp-content\/uploads\/2021\/02\/on-that-day-5-143x1024.png 143w\" sizes=\"(max-width: 592px) 100vw, 592px\" \/>\t\t\t\t\t\t\t\t\t\t\t<\/div>\n\t\t\t\t<\/div>\n\t\t\t\t<\/div>\n\t\t\t\t\t\t<\/div>\n\t\t\t\t\t<\/div>\n\t\t<\/div>\n\t\t\t\t\t\t\t\t<\/div>\n\t\t\t\t\t<\/div>\n\t\t<\/section>\n\t\t\t\t\t\t<\/div>\n\t\t\t\t\t\t<\/div>\n\t\t\t\t\t<\/div>","protected":false},"excerpt":{"rendered":"<p>Biographie Autodidacte, Marc Sommer entame ses travaux photographiques en 2007. Tournant r\u00e9solument le dos \u00e0 la manipulation d&rsquo;images par ordinateur, c&rsquo;est au moyen de trucages m\u00e9caniques patiemment \u00e9labor\u00e9s qu&rsquo;il parvient \u00e0 donner \u00e0 ses photos l&rsquo;atmosph\u00e8re surr\u00e9aliste qui les caract\u00e9rise. Pour lui, la photographie est une affaire de famille. C&rsquo;est avec son p\u00e8re Richard, visible [&hellip;]<\/p>","protected":false},"author":1,"featured_media":0,"parent":0,"menu_order":0,"comment_status":"closed","ping_status":"closed","template":"","meta":[],"yoast_head":"<!-- This site is optimized with the Yoast SEO plugin v16.1.1 - https:\/\/yoast.com\/wordpress\/plugins\/seo\/ -->\n<title>Informations - marcsommerphoto<\/title>\n<meta name=\"robots\" content=\"index, follow, max-snippet:-1, max-image-preview:large, max-video-preview:-1\" \/>\n<link rel=\"canonical\" href=\"https:\/\/www.marcsommerphoto.com\/de\/information\/\" \/>\n<meta property=\"og:locale\" content=\"de_DE\" \/>\n<meta property=\"og:type\" content=\"article\" \/>\n<meta property=\"og:title\" content=\"Informations - marcsommerphoto\" \/>\n<meta property=\"og:description\" content=\"Biographie Autodidacte, Marc Sommer entame ses travaux photographiques en 2007. Tournant r\u00e9solument le dos \u00e0 la manipulation d&rsquo;images par ordinateur, c&rsquo;est au moyen de trucages m\u00e9caniques patiemment \u00e9labor\u00e9s qu&rsquo;il parvient \u00e0 donner \u00e0 ses photos l&rsquo;atmosph\u00e8re surr\u00e9aliste qui les caract\u00e9rise. Pour lui, la photographie est une affaire de famille. C&rsquo;est avec son p\u00e8re Richard, visible [&hellip;]\" \/>\n<meta property=\"og:url\" content=\"https:\/\/www.marcsommerphoto.com\/de\/information\/\" \/>\n<meta property=\"og:site_name\" content=\"marcsommerphoto\" \/>\n<meta property=\"article:modified_time\" content=\"2021-05-11T13:53:26+00:00\" \/>\n<meta property=\"og:image\" content=\"https:\/\/www.marcsommerphoto.com\/wp-content\/uploads\/2021\/05\/informations-2.jpg\" \/>\n<meta name=\"twitter:card\" content=\"summary_large_image\" \/>\n<meta name=\"twitter:label1\" content=\"Gesch\u00e4tzte Lesezeit\">\n\t<meta name=\"twitter:data1\" content=\"2 minutes\">\n<script type=\"application\/ld+json\" class=\"yoast-schema-graph\">{\"@context\":\"https:\/\/schema.org\",\"@graph\":[{\"@type\":\"WebSite\",\"@id\":\"https:\/\/www.marcsommerphoto.com\/#website\",\"url\":\"https:\/\/www.marcsommerphoto.com\/\",\"name\":\"marcsommerphoto\",\"description\":\"\",\"potentialAction\":[{\"@type\":\"SearchAction\",\"target\":\"https:\/\/www.marcsommerphoto.com\/?s={search_term_string}\",\"query-input\":\"required name=search_term_string\"}],\"inLanguage\":\"de-DE-formal\"},{\"@type\":\"ImageObject\",\"@id\":\"https:\/\/www.marcsommerphoto.com\/information\/#primaryimage\",\"inLanguage\":\"de-DE-formal\",\"url\":\"https:\/\/www.marcsommerphoto.com\/wp-content\/uploads\/2021\/05\/informations-2.jpg\",\"contentUrl\":\"https:\/\/www.marcsommerphoto.com\/wp-content\/uploads\/2021\/05\/informations-2.jpg\",\"width\":800,\"height\":459},{\"@type\":\"WebPage\",\"@id\":\"https:\/\/www.marcsommerphoto.com\/information\/#webpage\",\"url\":\"https:\/\/www.marcsommerphoto.com\/information\/\",\"name\":\"Informations - marcsommerphoto\",\"isPartOf\":{\"@id\":\"https:\/\/www.marcsommerphoto.com\/#website\"},\"primaryImageOfPage\":{\"@id\":\"https:\/\/www.marcsommerphoto.com\/information\/#primaryimage\"},\"datePublished\":\"2020-11-22T15:12:32+00:00\",\"dateModified\":\"2021-05-11T13:53:26+00:00\",\"breadcrumb\":{\"@id\":\"https:\/\/www.marcsommerphoto.com\/information\/#breadcrumb\"},\"inLanguage\":\"de-DE-formal\",\"potentialAction\":[{\"@type\":\"ReadAction\",\"target\":[\"https:\/\/www.marcsommerphoto.com\/information\/\"]}]},{\"@type\":\"BreadcrumbList\",\"@id\":\"https:\/\/www.marcsommerphoto.com\/information\/#breadcrumb\",\"itemListElement\":[{\"@type\":\"ListItem\",\"position\":1,\"item\":{\"@type\":\"WebPage\",\"@id\":\"https:\/\/www.marcsommerphoto.com\/\",\"url\":\"https:\/\/www.marcsommerphoto.com\/\",\"name\":\"Home\"}},{\"@type\":\"ListItem\",\"position\":2,\"item\":{\"@type\":\"WebPage\",\"@id\":\"https:\/\/www.marcsommerphoto.com\/information\/\",\"url\":\"https:\/\/www.marcsommerphoto.com\/information\/\",\"name\":\"Informations\"}}]}]}<\/script>\n<!-- \/ Yoast SEO plugin. -->","_links":{"self":[{"href":"https:\/\/www.marcsommerphoto.com\/de\/wp-json\/wp\/v2\/pages\/21"}],"collection":[{"href":"https:\/\/www.marcsommerphoto.com\/de\/wp-json\/wp\/v2\/pages"}],"about":[{"href":"https:\/\/www.marcsommerphoto.com\/de\/wp-json\/wp\/v2\/types\/page"}],"author":[{"embeddable":true,"href":"https:\/\/www.marcsommerphoto.com\/de\/wp-json\/wp\/v2\/users\/1"}],"replies":[{"embeddable":true,"href":"https:\/\/www.marcsommerphoto.com\/de\/wp-json\/wp\/v2\/comments?post=21"}],"version-history":[{"count":162,"href":"https:\/\/www.marcsommerphoto.com\/de\/wp-json\/wp\/v2\/pages\/21\/revisions"}],"predecessor-version":[{"id":3775,"href":"https:\/\/www.marcsommerphoto.com\/de\/wp-json\/wp\/v2\/pages\/21\/revisions\/3775"}],"wp:attachment":[{"href":"https:\/\/www.marcsommerphoto.com\/de\/wp-json\/wp\/v2\/media?parent=21"}],"curies":[{"name":"wp","href":"https:\/\/api.w.org\/{rel}","templated":true}]}}